{"id":564,"date":"2021-01-14T10:43:44","date_gmt":"2021-01-14T10:43:44","guid":{"rendered":"https:\/\/lokalnegrupywsparcia.pl\/?page_id=564"},"modified":"2021-01-14T12:33:41","modified_gmt":"2021-01-14T12:33:41","slug":"bazar-sprawiedliwosci","status":"publish","type":"page","link":"https:\/\/lokalnegrupywsparcia.pl\/index.php\/bazar-sprawiedliwosci\/","title":{"rendered":"Bazar sprawiedliwo\u015bci"},"content":{"rendered":"<ul class=\"wp-block-latest-posts__list wp-block-latest-posts\"><li><a class=\"wp-block-latest-posts__post-title\" href=\"https:\/\/lokalnegrupywsparcia.pl\/index.php\/2020\/12\/26\/dzisiaj-lokalne-spolecznosci-polskie-ponad-podzialami\/\">Dzisiaj LOKALNE SPO\u0141ECZNO\u015aCI POLSKIE ponad podzia\u0142ami !!!<\/a><\/li>\n<li><a class=\"wp-block-latest-posts__post-title\" href=\"https:\/\/lokalnegrupywsparcia.pl\/index.php\/2020\/12\/21\/zachodniopomorska-grupa-wsparcia\/\">ZACHODNIOPOMORSKA GRUPA WSPARCIA<\/a><\/li>\n<li><a class=\"wp-block-latest-posts__post-title\" href=\"https:\/\/lokalnegrupywsparcia.pl\/index.php\/2020\/12\/21\/wielkopolska-grupa-wsparcia\/\">WIELKOPOLSKA GRUPA WSPARCIA<\/a><\/li>\n<li><a class=\"wp-block-latest-posts__post-title\" href=\"https:\/\/lokalnegrupywsparcia.pl\/index.php\/2020\/12\/21\/warminsko-mazurska-grupa-wsparcia\/\">WARMI\u0143SKO-MAZURSKA GRUPA WSPARCIA<\/a><\/li>\n<li><a class=\"wp-block-latest-posts__post-title\" href=\"https:\/\/lokalnegrupywsparcia.pl\/index.php\/2020\/12\/21\/swietokrzyska-grupa-wsparcia\/\">\u015aWI\u0118TOKRZYSKA GRUPA WSPARCIA<\/a><\/li>\n<\/ul>\n\n\n<figure class=\"wp-block-embed is-type-wp-embed is-provider-lokalne-grupy-wsparcia wp-block-embed-lokalne-grupy-wsparcia\"><div class=\"wp-block-embed__wrapper\">\nhttps:\/\/lokalnegrupywsparcia.pl\/index.php\/2021\/01\/14\/wojewodzki-sad-administracyjny-orzekl-ze-rozporzadzenie-o-nakazie-zaslaniania-nosa-i-ust-jest-wydane-w-sposob-sprzeczny-z-konstytucja\/\n<\/div><\/figure>\n\n\n\n<p><a href=\"https:\/\/lokalnegrupywsparcia.pl\/index.php\/category\/bazar-sprawiedliwosci\/\">https:\/\/lokalnegrupywsparcia.pl\/index.php\/category\/bazar-sprawiedliwosci\/<\/a><\/p>\n\n\n\n<figure class=\"wp-block-embed\"><div class=\"wp-block-embed__wrapper\">\nhttps:\/\/lokalnegrupywsparcia.pl\/index.php\/category\/bazar-sprawiedliwosci\n<\/div><\/figure>\n\n\n<ul class=\"wp-block-categories-list wp-block-categories\">\t<li class=\"cat-item cat-item-1\"><a href=\"https:\/\/lokalnegrupywsparcia.pl\/index.php\/category\/bez-kategorii\/\">bez kategorii<\/a>\n<\/li>\n\t<li class=\"cat-item cat-item-16\"><a href=\"https:\/\/lokalnegrupywsparcia.pl\/index.php\/category\/lgw\/\">LGW<\/a>\n<\/li>\n<\/ul>\n\n<p class=\"wp-block-tag-cloud\"><a href=\"https:\/\/lokalnegrupywsparcia.pl\/index.php\/category\/bez-kategorii\/\" class=\"tag-cloud-link tag-link-1 tag-link-position-1\" style=\"font-size: 8pt;\" aria-label=\"bez kategorii (1 element)\">bez kategorii<span class=\"tag-link-count\"> (1)<\/span><\/a>\n<a href=\"https:\/\/lokalnegrupywsparcia.pl\/index.php\/category\/lgw\/\" class=\"tag-cloud-link tag-link-16 tag-link-position-2\" style=\"font-size: 22pt;\" aria-label=\"LGW (17 element\u00f3w)\">LGW<span class=\"tag-link-count\"> (17)<\/span><\/a><\/p>","protected":false},"excerpt":{"rendered":"<p>https:\/\/lokalnegrupywsparcia.pl\/index.php\/category\/bazar-sprawiedliwosci\/<\/p>\n","protected":false},"author":1,"featured_media":0,"parent":0,"menu_order":0,"comment_status":"closed","ping_status":"closed","template":"","meta":{"footnotes":""},"class_list":["post-564","page","type-page","status-publish","hentry"],"_links":{"self":[{"href":"https:\/\/lokalnegrupywsparcia.pl\/index.php\/wp-json\/wp\/v2\/pages\/564","targetHints":{"allow":["GET"]}}],"collection":[{"href":"https:\/\/lokalnegrupywsparcia.pl\/index.php\/wp-json\/wp\/v2\/pages"}],"about":[{"href":"https:\/\/lokalnegrupywsparcia.pl\/index.php\/wp-json\/wp\/v2\/types\/page"}],"author":[{"embeddable":true,"href":"https:\/\/lokalnegrupywsparcia.pl\/index.php\/wp-json\/wp\/v2\/users\/1"}],"replies":[{"embeddable":true,"href":"https:\/\/lokalnegrupywsparcia.pl\/index.php\/wp-json\/wp\/v2\/comments?post=564"}],"version-history":[{"count":5,"href":"https:\/\/lokalnegrupywsparcia.pl\/index.php\/wp-json\/wp\/v2\/pages\/564\/revisions"}],"predecessor-version":[{"id":587,"href":"https:\/\/lokalnegrupywsparcia.pl\/index.php\/wp-json\/wp\/v2\/pages\/564\/revisions\/587"}],"wp:attachment":[{"href":"https:\/\/lokalnegrupywsparcia.pl\/index.php\/wp-json\/wp\/v2\/media?parent=564"}],"curies":[{"name":"wp","href":"https:\/\/api.w.org\/{rel}","templated":true}]}}